{"id":2328,"date":"2025-04-01T16:32:48","date_gmt":"2025-04-01T16:32:48","guid":{"rendered":"https:\/\/www.gyntest.com\/contactez-nous\/"},"modified":"2026-02-06T10:09:43","modified_gmt":"2026-02-06T10:09:43","slug":"contact-us","status":"publish","type":"page","link":"https:\/\/www.gyntest.com\/en\/contact-us\/","title":{"rendered":"Contact us"},"content":{"rendered":"\t\t<div data-elementor-type=\"wp-page\" data-elementor-id=\"2328\" class=\"elementor elementor-2328 elementor-1422\" data-elementor-post-type=\"page\">\n\t\t\t\t<div class=\"elementor-element elementor-element-b4728d4 e-flex e-con-boxed e-con e-parent\" data-id=\"b4728d4\" data-element_type=\"container\" data-e-type=\"container\" data-settings=\"{&quot;background_background&quot;:&quot;classic&quot;}\">\n\t\t\t\t\t<div class=\"e-con-inner\">\n\t\t<div class=\"elementor-element elementor-element-a7076d9 e-con-full e-flex e-con e-child\" data-id=\"a7076d9\" data-element_type=\"container\" data-e-type=\"container\">\n\t\t\t\t<div class=\"elementor-element elementor-element-ad0028a elementor-widget elementor-widget-heading\" data-id=\"ad0028a\" data-element_type=\"widget\" data-e-type=\"widget\" data-widget_type=\"heading.default\">\n\t\t\t\t<div class=\"elementor-widget-container\">\n\t\t\t\t\t<h1 class=\"elementor-heading-title elementor-size-default\">Contact us<\/h1>\t\t\t\t<\/div>\n\t\t\t\t<\/div>\n\t\t\t\t<\/div>\n\t\t\t\t\t<\/div>\n\t\t\t\t<\/div>\n\t\t<div class=\"elementor-element elementor-element-5523cd4 e-flex e-con-boxed e-con e-parent\" data-id=\"5523cd4\" data-element_type=\"container\" data-e-type=\"container\">\n\t\t\t\t\t<div class=\"e-con-inner\">\n\t\t<div class=\"elementor-element elementor-element-8bb6d5e e-con-full e-flex e-con e-child\" data-id=\"8bb6d5e\" data-element_type=\"container\" data-e-type=\"container\">\n\t\t\t\t<div class=\"elementor-element elementor-element-6c39124 elementor-widget elementor-widget-text-editor\" data-id=\"6c39124\" data-element_type=\"widget\" data-e-type=\"widget\" data-widget_type=\"text-editor.default\">\n\t\t\t\t<div class=\"elementor-widget-container\">\n\t\t\t\t\t\t\t\t\tWould you like to receive additional information or ask us questions? Feel free to contact us using the form below : \t\t\t\t\t\t\t\t<\/div>\n\t\t\t\t<\/div>\n\t\t\t\t<div class=\"elementor-element elementor-element-09f20d6 elementor-widget elementor-widget-shortcode\" data-id=\"09f20d6\" data-element_type=\"widget\" data-e-type=\"widget\" data-widget_type=\"shortcode.default\">\n\t\t\t\t<div class=\"elementor-widget-container\">\n\t\t\t\t\t\t\t<div class=\"elementor-shortcode\"><div id=\"wufoo-pm77olh1lom366\"> Fill out my <a href=\"https:\/\/substancesactives.wufoo.com\/forms\/pm77olh1lom366\">online form<\/a>. <\/div> <script type=\"text\/javascript\"> var pm77olh1lom366; (function(d, t) { var s = d.createElement(t), options = { 'userName':'substancesactives', 'formHash':'pm77olh1lom366', 'autoResize':true, 'height':'580', 'async':true, 'host':'wufoo.com', 'header':'hide', 'ssl':true }; s.src = ('https:' == d.location.protocol ?'https:\/\/':'http:\/\/') + 'secure.wufoo.com\/scripts\/embed\/form.js'; s.onload = s.onreadystatechange = function() { var rs = this.readyState; if (rs) if (rs != 'complete') if (rs != 'loaded') return; try { pm77olh1lom366 = new WufooForm(); pm77olh1lom366.initialize(options); pm77olh1lom366.display(); } catch (e) { } }; var scr = d.getElementsByTagName(t)[0], par = scr.parentNode; par.insertBefore(s, scr); })(document, 'script'); <\/script><\/div>\n\t\t\t\t\t\t<\/div>\n\t\t\t\t<\/div>\n\t\t\t\t<div class=\"elementor-element elementor-element-ae853d0 elementor-widget elementor-widget-image\" data-id=\"ae853d0\" data-element_type=\"widget\" data-e-type=\"widget\" data-widget_type=\"image.default\">\n\t\t\t\t<div class=\"elementor-widget-container\">\n\t\t\t\t\t\t\t\t\t\t\t\t\t\t\t<img decoding=\"async\" width=\"616\" height=\"19\" src=\"https:\/\/www.gyntest.com\/wp-content\/uploads\/BG-gyneco-Auto-prelevement-vaginal.jpg\" class=\"attachment-large size-large wp-image-2302\" alt=\"\" srcset=\"https:\/\/www.gyntest.com\/wp-content\/uploads\/BG-gyneco-Auto-prelevement-vaginal.jpg 616w, https:\/\/www.gyntest.com\/wp-content\/uploads\/BG-gyneco-Auto-prelevement-vaginal-300x9.jpg 300w\" sizes=\"(max-width: 616px) 100vw, 616px\" \/>\t\t\t\t\t\t\t\t\t\t\t\t\t\t\t<\/div>\n\t\t\t\t<\/div>\n\t\t\t\t<\/div>\n\t\t<div class=\"elementor-element elementor-element-48aef2a e-con-full e-flex e-con e-child\" data-id=\"48aef2a\" data-element_type=\"container\" data-e-type=\"container\">\n\t\t\t\t<div class=\"elementor-element elementor-element-7b8ec11 elementor-widget elementor-widget-image\" data-id=\"7b8ec11\" data-element_type=\"widget\" data-e-type=\"widget\" data-widget_type=\"image.default\">\n\t\t\t\t<div class=\"elementor-widget-container\">\n\t\t\t\t\t\t\t\t\t\t\t\t\t\t\t<img fetchpriority=\"high\" decoding=\"async\" width=\"1000\" height=\"667\" src=\"https:\/\/www.gyntest.com\/wp-content\/uploads\/Contact-gyneco-Auto-prelevement-vaginal.jpg\" class=\"attachment-large size-large wp-image-2329\" alt=\"\" srcset=\"https:\/\/www.gyntest.com\/wp-content\/uploads\/Contact-gyneco-Auto-prelevement-vaginal.jpg 1000w, https:\/\/www.gyntest.com\/wp-content\/uploads\/Contact-gyneco-Auto-prelevement-vaginal-300x200.jpg 300w, https:\/\/www.gyntest.com\/wp-content\/uploads\/Contact-gyneco-Auto-prelevement-vaginal-768x512.jpg 768w\" sizes=\"(max-width: 1000px) 100vw, 1000px\" \/>\t\t\t\t\t\t\t\t\t\t\t\t\t\t\t<\/div>\n\t\t\t\t<\/div>\n\t\t\t\t<div class=\"elementor-element elementor-element-98ff548 elementor-widget-divider--view-line elementor-widget elementor-widget-divider\" data-id=\"98ff548\" data-element_type=\"widget\" data-e-type=\"widget\" data-widget_type=\"divider.default\">\n\t\t\t\t<div class=\"elementor-widget-container\">\n\t\t\t\t\t\t\t<div class=\"elementor-divider\">\n\t\t\t<span class=\"elementor-divider-separator\">\n\t\t\t\t\t\t<\/span>\n\t\t<\/div>\n\t\t\t\t\t\t<\/div>\n\t\t\t\t<\/div>\n\t\t\t\t<\/div>\n\t\t\t\t\t<\/div>\n\t\t\t\t<\/div>\n\t\t\t\t<\/div>\n\t\t","protected":false},"excerpt":{"rendered":"<p>Contact us Would you like to receive additional information or ask us questions? Feel free to contact us using the [&hellip;]<\/p>\n","protected":false},"author":1,"featured_media":0,"parent":0,"menu_order":0,"comment_status":"closed","ping_status":"closed","template":"","meta":{"site-sidebar-layout":"no-sidebar","site-content-layout":"","ast-site-content-layout":"full-width-container","site-content-style":"default","site-sidebar-style":"default","ast-global-header-display":"","ast-banner-title-visibility":"","ast-main-header-display":"","ast-hfb-above-header-display":"","ast-hfb-below-header-display":"","ast-hfb-mobile-header-display":"","site-post-title":"disabled","ast-breadcrumbs-content":"","ast-featured-img":"disabled","footer-sml-layout":"","ast-disable-related-posts":"","theme-transparent-header-meta":"default","adv-header-id-meta":"","stick-header-meta":"default","header-above-stick-meta":"","header-main-stick-meta":"","header-below-stick-meta":"","astra-migrate-meta-layouts":"set","ast-page-background-enabled":"default","ast-page-background-meta":{"desktop":{"background-color":"var(--ast-global-color-4)","background-image":"","background-repeat":"repeat","background-position":"center center","background-size":"auto","background-attachment":"scroll","background-type":"","background-media":"","overlay-type":"","overlay-color":"","overlay-opacity":"","overlay-gradient":""},"tablet":{"background-color":"","background-image":"","background-repeat":"repeat","background-position":"center center","background-size":"auto","background-attachment":"scroll","background-type":"","background-media":"","overlay-type":"","overlay-color":"","overlay-opacity":"","overlay-gradient":""},"mobile":{"background-color":"","background-image":"","background-repeat":"repeat","background-position":"center center","background-size":"auto","background-attachment":"scroll","background-type":"","background-media":"","overlay-type":"","overlay-color":"","overlay-opacity":"","overlay-gradient":""}},"ast-content-background-meta":{"desktop":{"background-color":"var(--ast-global-color-5)","background-image":"","background-repeat":"repeat","background-position":"center center","background-size":"auto","background-attachment":"scroll","background-type":"","background-media":"","overlay-type":"","overlay-color":"","overlay-opacity":"","overlay-gradient":""},"tablet":{"background-color":"var(--ast-global-color-5)","background-image":"","background-repeat":"repeat","background-position":"center center","background-size":"auto","background-attachment":"scroll","background-type":"","background-media":"","overlay-type":"","overlay-color":"","overlay-opacity":"","overlay-gradient":""},"mobile":{"background-color":"var(--ast-global-color-5)","background-image":"","background-repeat":"repeat","background-position":"center center","background-size":"auto","background-attachment":"scroll","background-type":"","background-media":"","overlay-type":"","overlay-color":"","overlay-opacity":"","overlay-gradient":""}},"footnotes":""},"class_list":["post-2328","page","type-page","status-publish","hentry"],"yoast_head":"<!-- This site is optimized with the Yoast SEO plugin v27.3 - https:\/\/yoast.com\/product\/yoast-seo-wordpress\/ -->\n<title>Contact us - Gyntest Vaginal Sampling - Screening<\/title>\n<meta name=\"description\" content=\"Contact us for any request or question \u2014 our team will get back to you quickly.Gyntest Vaginal Self-Sampling: a screening test.\" \/>\n<meta name=\"robots\" content=\"index, follow, max-snippet:-1, max-image-preview:large, max-video-preview:-1\" \/>\n<link rel=\"canonical\" href=\"https:\/\/www.gyntest.com\/en\/contact-us\/\" \/>\n<meta property=\"og:locale\" content=\"en_US\" \/>\n<meta property=\"og:type\" content=\"article\" \/>\n<meta property=\"og:title\" content=\"Contact us - Gyntest Vaginal Sampling - Screening\" \/>\n<meta property=\"og:description\" content=\"Contact us for any request or question \u2014 our team will get back to you quickly.Gyntest Vaginal Self-Sampling: a screening test.\" \/>\n<meta property=\"og:url\" content=\"https:\/\/www.gyntest.com\/en\/contact-us\/\" \/>\n<meta property=\"og:site_name\" content=\"Gyntest\" \/>\n<meta property=\"article:modified_time\" content=\"2026-02-06T10:09:43+00:00\" \/>\n<meta property=\"og:image\" content=\"https:\/\/www.gyntest.com\/wp-content\/uploads\/BG-gyneco-Auto-prelevement-vaginal.jpg\" \/>\n<meta name=\"twitter:card\" content=\"summary_large_image\" \/>\n<meta name=\"twitter:label1\" content=\"Est. reading time\" \/>\n\t<meta name=\"twitter:data1\" content=\"1 minute\" \/>\n<script type=\"application\/ld+json\" class=\"yoast-schema-graph\">{\"@context\":\"https:\\\/\\\/schema.org\",\"@graph\":[{\"@type\":\"WebPage\",\"@id\":\"https:\\\/\\\/www.gyntest.com\\\/en\\\/contact-us\\\/\",\"url\":\"https:\\\/\\\/www.gyntest.com\\\/en\\\/contact-us\\\/\",\"name\":\"Contact us - Gyntest Vaginal Sampling - Screening\",\"isPartOf\":{\"@id\":\"https:\\\/\\\/www.gyntest.com\\\/en\\\/#website\"},\"primaryImageOfPage\":{\"@id\":\"https:\\\/\\\/www.gyntest.com\\\/en\\\/contact-us\\\/#primaryimage\"},\"image\":{\"@id\":\"https:\\\/\\\/www.gyntest.com\\\/en\\\/contact-us\\\/#primaryimage\"},\"thumbnailUrl\":\"https:\\\/\\\/www.gyntest.com\\\/wp-content\\\/uploads\\\/BG-gyneco-Auto-prelevement-vaginal.jpg\",\"datePublished\":\"2025-04-01T16:32:48+00:00\",\"dateModified\":\"2026-02-06T10:09:43+00:00\",\"description\":\"Contact us for any request or question \u2014 our team will get back to you quickly.Gyntest Vaginal Self-Sampling: a screening test.\",\"breadcrumb\":{\"@id\":\"https:\\\/\\\/www.gyntest.com\\\/en\\\/contact-us\\\/#breadcrumb\"},\"inLanguage\":\"en-US\",\"potentialAction\":[{\"@type\":\"ReadAction\",\"target\":[\"https:\\\/\\\/www.gyntest.com\\\/en\\\/contact-us\\\/\"]}]},{\"@type\":\"ImageObject\",\"inLanguage\":\"en-US\",\"@id\":\"https:\\\/\\\/www.gyntest.com\\\/en\\\/contact-us\\\/#primaryimage\",\"url\":\"https:\\\/\\\/www.gyntest.com\\\/wp-content\\\/uploads\\\/BG-gyneco-Auto-prelevement-vaginal.jpg\",\"contentUrl\":\"https:\\\/\\\/www.gyntest.com\\\/wp-content\\\/uploads\\\/BG-gyneco-Auto-prelevement-vaginal.jpg\"},{\"@type\":\"BreadcrumbList\",\"@id\":\"https:\\\/\\\/www.gyntest.com\\\/en\\\/contact-us\\\/#breadcrumb\",\"itemListElement\":[{\"@type\":\"ListItem\",\"position\":1,\"name\":\"Accueil\",\"item\":\"https:\\\/\\\/www.gyntest.com\\\/en\\\/\"},{\"@type\":\"ListItem\",\"position\":2,\"name\":\"Contact us\"}]},{\"@type\":\"WebSite\",\"@id\":\"https:\\\/\\\/www.gyntest.com\\\/en\\\/#website\",\"url\":\"https:\\\/\\\/www.gyntest.com\\\/en\\\/\",\"name\":\"Gyntest\",\"description\":\"Auto-pr\u00e9l\u00e8vement vaginal : un d\u00e9pistage de votre sant\u00e9 intime en toute simplicit\u00e9\",\"publisher\":{\"@id\":\"https:\\\/\\\/www.gyntest.com\\\/en\\\/#organization\"},\"potentialAction\":[{\"@type\":\"SearchAction\",\"target\":{\"@type\":\"EntryPoint\",\"urlTemplate\":\"https:\\\/\\\/www.gyntest.com\\\/en\\\/?s={search_term_string}\"},\"query-input\":{\"@type\":\"PropertyValueSpecification\",\"valueRequired\":true,\"valueName\":\"search_term_string\"}}],\"inLanguage\":\"en-US\"},{\"@type\":\"Organization\",\"@id\":\"https:\\\/\\\/www.gyntest.com\\\/en\\\/#organization\",\"name\":\"Gyntest\",\"url\":\"https:\\\/\\\/www.gyntest.com\\\/en\\\/\",\"logo\":{\"@type\":\"ImageObject\",\"inLanguage\":\"en-US\",\"@id\":\"https:\\\/\\\/www.gyntest.com\\\/en\\\/#\\\/schema\\\/logo\\\/image\\\/\",\"url\":\"https:\\\/\\\/www.gyntest.com\\\/wp-content\\\/uploads\\\/Logo-Gyntest-Bio-PNG.png\",\"contentUrl\":\"https:\\\/\\\/www.gyntest.com\\\/wp-content\\\/uploads\\\/Logo-Gyntest-Bio-PNG.png\",\"width\":757,\"height\":258,\"caption\":\"Gyntest\"},\"image\":{\"@id\":\"https:\\\/\\\/www.gyntest.com\\\/en\\\/#\\\/schema\\\/logo\\\/image\\\/\"}}]}<\/script>\n<!-- \/ Yoast SEO plugin. -->","yoast_head_json":{"title":"Contact us - Gyntest Vaginal Sampling - Screening","description":"Contact us for any request or question \u2014 our team will get back to you quickly.Gyntest Vaginal Self-Sampling: a screening test.","robots":{"index":"index","follow":"follow","max-snippet":"max-snippet:-1","max-image-preview":"max-image-preview:large","max-video-preview":"max-video-preview:-1"},"canonical":"https:\/\/www.gyntest.com\/en\/contact-us\/","og_locale":"en_US","og_type":"article","og_title":"Contact us - Gyntest Vaginal Sampling - Screening","og_description":"Contact us for any request or question \u2014 our team will get back to you quickly.Gyntest Vaginal Self-Sampling: a screening test.","og_url":"https:\/\/www.gyntest.com\/en\/contact-us\/","og_site_name":"Gyntest","article_modified_time":"2026-02-06T10:09:43+00:00","og_image":[{"url":"https:\/\/www.gyntest.com\/wp-content\/uploads\/BG-gyneco-Auto-prelevement-vaginal.jpg","type":"","width":"","height":""}],"twitter_card":"summary_large_image","twitter_misc":{"Est. reading time":"1 minute"},"schema":{"@context":"https:\/\/schema.org","@graph":[{"@type":"WebPage","@id":"https:\/\/www.gyntest.com\/en\/contact-us\/","url":"https:\/\/www.gyntest.com\/en\/contact-us\/","name":"Contact us - Gyntest Vaginal Sampling - Screening","isPartOf":{"@id":"https:\/\/www.gyntest.com\/en\/#website"},"primaryImageOfPage":{"@id":"https:\/\/www.gyntest.com\/en\/contact-us\/#primaryimage"},"image":{"@id":"https:\/\/www.gyntest.com\/en\/contact-us\/#primaryimage"},"thumbnailUrl":"https:\/\/www.gyntest.com\/wp-content\/uploads\/BG-gyneco-Auto-prelevement-vaginal.jpg","datePublished":"2025-04-01T16:32:48+00:00","dateModified":"2026-02-06T10:09:43+00:00","description":"Contact us for any request or question \u2014 our team will get back to you quickly.Gyntest Vaginal Self-Sampling: a screening test.","breadcrumb":{"@id":"https:\/\/www.gyntest.com\/en\/contact-us\/#breadcrumb"},"inLanguage":"en-US","potentialAction":[{"@type":"ReadAction","target":["https:\/\/www.gyntest.com\/en\/contact-us\/"]}]},{"@type":"ImageObject","inLanguage":"en-US","@id":"https:\/\/www.gyntest.com\/en\/contact-us\/#primaryimage","url":"https:\/\/www.gyntest.com\/wp-content\/uploads\/BG-gyneco-Auto-prelevement-vaginal.jpg","contentUrl":"https:\/\/www.gyntest.com\/wp-content\/uploads\/BG-gyneco-Auto-prelevement-vaginal.jpg"},{"@type":"BreadcrumbList","@id":"https:\/\/www.gyntest.com\/en\/contact-us\/#breadcrumb","itemListElement":[{"@type":"ListItem","position":1,"name":"Accueil","item":"https:\/\/www.gyntest.com\/en\/"},{"@type":"ListItem","position":2,"name":"Contact us"}]},{"@type":"WebSite","@id":"https:\/\/www.gyntest.com\/en\/#website","url":"https:\/\/www.gyntest.com\/en\/","name":"Gyntest","description":"Auto-pr\u00e9l\u00e8vement vaginal : un d\u00e9pistage de votre sant\u00e9 intime en toute simplicit\u00e9","publisher":{"@id":"https:\/\/www.gyntest.com\/en\/#organization"},"potentialAction":[{"@type":"SearchAction","target":{"@type":"EntryPoint","urlTemplate":"https:\/\/www.gyntest.com\/en\/?s={search_term_string}"},"query-input":{"@type":"PropertyValueSpecification","valueRequired":true,"valueName":"search_term_string"}}],"inLanguage":"en-US"},{"@type":"Organization","@id":"https:\/\/www.gyntest.com\/en\/#organization","name":"Gyntest","url":"https:\/\/www.gyntest.com\/en\/","logo":{"@type":"ImageObject","inLanguage":"en-US","@id":"https:\/\/www.gyntest.com\/en\/#\/schema\/logo\/image\/","url":"https:\/\/www.gyntest.com\/wp-content\/uploads\/Logo-Gyntest-Bio-PNG.png","contentUrl":"https:\/\/www.gyntest.com\/wp-content\/uploads\/Logo-Gyntest-Bio-PNG.png","width":757,"height":258,"caption":"Gyntest"},"image":{"@id":"https:\/\/www.gyntest.com\/en\/#\/schema\/logo\/image\/"}}]}},"_links":{"self":[{"href":"https:\/\/www.gyntest.com\/en\/wp-json\/wp\/v2\/pages\/2328","targetHints":{"allow":["GET"]}}],"collection":[{"href":"https:\/\/www.gyntest.com\/en\/wp-json\/wp\/v2\/pages"}],"about":[{"href":"https:\/\/www.gyntest.com\/en\/wp-json\/wp\/v2\/types\/page"}],"author":[{"embeddable":true,"href":"https:\/\/www.gyntest.com\/en\/wp-json\/wp\/v2\/users\/1"}],"replies":[{"embeddable":true,"href":"https:\/\/www.gyntest.com\/en\/wp-json\/wp\/v2\/comments?post=2328"}],"version-history":[{"count":2,"href":"https:\/\/www.gyntest.com\/en\/wp-json\/wp\/v2\/pages\/2328\/revisions"}],"predecessor-version":[{"id":2331,"href":"https:\/\/www.gyntest.com\/en\/wp-json\/wp\/v2\/pages\/2328\/revisions\/2331"}],"wp:attachment":[{"href":"https:\/\/www.gyntest.com\/en\/wp-json\/wp\/v2\/media?parent=2328"}],"curies":[{"name":"wp","href":"https:\/\/api.w.org\/{rel}","templated":true}]}}