{"id":2210,"date":"2025-06-09T16:06:08","date_gmt":"2025-06-09T16:06:08","guid":{"rendered":"https:\/\/www.gyntest.com\/identify-a-partner-laboratory\/"},"modified":"2026-01-21T11:02:59","modified_gmt":"2026-01-21T11:02:59","slug":"identify-a-partner-laboratory","status":"publish","type":"page","link":"https:\/\/www.gyntest.com\/en\/identify-a-partner-laboratory\/","title":{"rendered":"Identify a partner laboratory."},"content":{"rendered":"\t\t<div data-elementor-type=\"wp-page\" data-elementor-id=\"2210\" class=\"elementor elementor-2210 elementor-1865\" data-elementor-post-type=\"page\">\n\t\t\t\t<div class=\"elementor-element elementor-element-b4728d4 e-flex e-con-boxed e-con e-parent\" data-id=\"b4728d4\" data-element_type=\"container\" data-e-type=\"container\" data-settings=\"{&quot;background_background&quot;:&quot;classic&quot;}\">\n\t\t\t\t\t<div class=\"e-con-inner\">\n\t\t<div class=\"elementor-element elementor-element-a7076d9 e-con-full e-flex e-con e-child\" data-id=\"a7076d9\" data-element_type=\"container\" data-e-type=\"container\">\n\t\t\t\t<div class=\"elementor-element elementor-element-ad0028a elementor-widget elementor-widget-heading\" data-id=\"ad0028a\" data-element_type=\"widget\" data-e-type=\"widget\" data-widget_type=\"heading.default\">\n\t\t\t\t<div class=\"elementor-widget-container\">\n\t\t\t\t\t<h1 class=\"elementor-heading-title elementor-size-default\">Identify a partner laboratory.<\/h1>\t\t\t\t<\/div>\n\t\t\t\t<\/div>\n\t\t\t\t<\/div>\n\t\t\t\t\t<\/div>\n\t\t\t\t<\/div>\n\t\t<div class=\"elementor-element elementor-element-5523cd4 e-flex e-con-boxed e-con e-parent\" data-id=\"5523cd4\" data-element_type=\"container\" data-e-type=\"container\">\n\t\t\t\t\t<div class=\"e-con-inner\">\n\t\t<div class=\"elementor-element elementor-element-48aef2a e-con-full e-flex e-con e-child\" data-id=\"48aef2a\" data-element_type=\"container\" data-e-type=\"container\">\n\t\t\t\t<\/div>\n\t\t<a class=\"eael-wrapper-link-fb940c8 --eael-wrapper-link-tag\" href=\"https:\/\/labio.gyntest.com\/\" target=\"_blank\"><\/a><div data-eael-wrapper-link=\"eael-wrapper-link-fb940c8\" class=\"elementor-element elementor-element-fb940c8 e-con-full e-flex e-con e-child\" data-id=\"fb940c8\" data-element_type=\"container\" data-e-type=\"container\">\n\t\t\t\t<div class=\"elementor-element elementor-element-0875096 elementor-widget elementor-widget-image\" data-id=\"0875096\" data-element_type=\"widget\" data-e-type=\"widget\" data-widget_type=\"image.default\">\n\t\t\t\t<div class=\"elementor-widget-container\">\n\t\t\t\t\t\t\t\t\t\t\t\t\t\t\t<img decoding=\"async\" width=\"283\" height=\"104\" src=\"https:\/\/www.gyntest.com\/wp-content\/uploads\/icon-labio-gyntest-hpv.png\" class=\"attachment-large size-large wp-image-2212\" alt=\"\" \/>\t\t\t\t\t\t\t\t\t\t\t\t\t\t\t<\/div>\n\t\t\t\t<\/div>\n\t\t\t\t<\/div>\n\t\t<div class=\"elementor-element elementor-element-0ad95fc e-con-full e-flex e-con e-child\" data-id=\"0ad95fc\" data-element_type=\"container\" data-e-type=\"container\">\n\t\t\t\t<\/div>\n\t\t\t\t\t<\/div>\n\t\t\t\t<\/div>\n\t\t<div class=\"elementor-element elementor-element-0ea233e e-flex e-con-boxed e-con e-parent\" data-id=\"0ea233e\" data-element_type=\"container\" data-e-type=\"container\">\n\t\t\t\t\t<div class=\"e-con-inner\">\n\t\t<div class=\"elementor-element elementor-element-9c038d9 e-con-full e-flex e-con e-child\" data-id=\"9c038d9\" data-element_type=\"container\" data-e-type=\"container\">\n\t\t\t\t<div class=\"elementor-element elementor-element-a23661f elementor-widget-divider--view-line elementor-widget elementor-widget-divider\" data-id=\"a23661f\" data-element_type=\"widget\" data-e-type=\"widget\" data-widget_type=\"divider.default\">\n\t\t\t\t<div class=\"elementor-widget-container\">\n\t\t\t\t\t\t\t<div class=\"elementor-divider\">\n\t\t\t<span class=\"elementor-divider-separator\">\n\t\t\t\t\t\t<\/span>\n\t\t<\/div>\n\t\t\t\t\t\t<\/div>\n\t\t\t\t<\/div>\n\t\t\t\t<\/div>\n\t\t\t\t\t<\/div>\n\t\t\t\t<\/div>\n\t\t<div class=\"elementor-element elementor-element-6cc8eaed e-flex e-con-boxed e-con e-parent\" data-id=\"6cc8eaed\" data-element_type=\"container\" data-e-type=\"container\">\n\t\t\t\t\t<div class=\"e-con-inner\">\n\t\t\t\t<div class=\"elementor-element elementor-element-ae853d0 elementor-widget elementor-widget-image\" data-id=\"ae853d0\" data-element_type=\"widget\" data-e-type=\"widget\" data-widget_type=\"image.default\">\n\t\t\t\t<div class=\"elementor-widget-container\">\n\t\t\t\t\t\t\t\t\t\t\t\t\t\t\t<img decoding=\"async\" src=\"https:\/\/www.gyntest.com\/wp-content\/uploads\/Bg-test-gyneco-Bg.jpg\" title=\"\" alt=\"\" loading=\"lazy\" \/>\t\t\t\t\t\t\t\t\t\t\t\t\t\t\t<\/div>\n\t\t\t\t<\/div>\n\t\t\t\t\t<\/div>\n\t\t\t\t<\/div>\n\t\t\t\t<\/div>\n\t\t","protected":false},"excerpt":{"rendered":"<p>Identify a partner laboratory.<\/p>\n","protected":false},"author":1,"featured_media":2211,"parent":0,"menu_order":0,"comment_status":"closed","ping_status":"closed","template":"","meta":{"site-sidebar-layout":"no-sidebar","site-content-layout":"","ast-site-content-layout":"full-width-container","site-content-style":"default","site-sidebar-style":"default","ast-global-header-display":"","ast-banner-title-visibility":"","ast-main-header-display":"","ast-hfb-above-header-display":"","ast-hfb-below-header-display":"","ast-hfb-mobile-header-display":"","site-post-title":"disabled","ast-breadcrumbs-content":"","ast-featured-img":"disabled","footer-sml-layout":"","ast-disable-related-posts":"","theme-transparent-header-meta":"default","adv-header-id-meta":"","stick-header-meta":"default","header-above-stick-meta":"","header-main-stick-meta":"","header-below-stick-meta":"","astra-migrate-meta-layouts":"default","ast-page-background-enabled":"default","ast-page-background-meta":{"desktop":{"background-color":"var(--ast-global-color-4)","background-image":"","background-repeat":"repeat","background-position":"center center","background-size":"auto","background-attachment":"scroll","background-type":"","background-media":"","overlay-type":"","overlay-color":"","overlay-opacity":"","overlay-gradient":""},"tablet":{"background-color":"","background-image":"","background-repeat":"repeat","background-position":"center center","background-size":"auto","background-attachment":"scroll","background-type":"","background-media":"","overlay-type":"","overlay-color":"","overlay-opacity":"","overlay-gradient":""},"mobile":{"background-color":"","background-image":"","background-repeat":"repeat","background-position":"center center","background-size":"auto","background-attachment":"scroll","background-type":"","background-media":"","overlay-type":"","overlay-color":"","overlay-opacity":"","overlay-gradient":""}},"ast-content-background-meta":{"desktop":{"background-color":"var(--ast-global-color-5)","background-image":"","background-repeat":"repeat","background-position":"center center","background-size":"auto","background-attachment":"scroll","background-type":"","background-media":"","overlay-type":"","overlay-color":"","overlay-opacity":"","overlay-gradient":""},"tablet":{"background-color":"var(--ast-global-color-5)","background-image":"","background-repeat":"repeat","background-position":"center center","background-size":"auto","background-attachment":"scroll","background-type":"","background-media":"","overlay-type":"","overlay-color":"","overlay-opacity":"","overlay-gradient":""},"mobile":{"background-color":"var(--ast-global-color-5)","background-image":"","background-repeat":"repeat","background-position":"center center","background-size":"auto","background-attachment":"scroll","background-type":"","background-media":"","overlay-type":"","overlay-color":"","overlay-opacity":"","overlay-gradient":""}},"footnotes":""},"class_list":["post-2210","page","type-page","status-publish","has-post-thumbnail","hentry"],"yoast_head":"<!-- This site is optimized with the Yoast SEO plugin v27.3 - https:\/\/yoast.com\/product\/yoast-seo-wordpress\/ -->\n<title>Identify a partner laboratory.<\/title>\n<meta name=\"description\" content=\"Identify a partner laboratory.\" \/>\n<meta name=\"robots\" content=\"index, follow, max-snippet:-1, max-image-preview:large, max-video-preview:-1\" \/>\n<link rel=\"canonical\" href=\"https:\/\/www.gyntest.com\/en\/identify-a-partner-laboratory\/\" \/>\n<meta property=\"og:locale\" content=\"en_US\" \/>\n<meta property=\"og:type\" content=\"article\" \/>\n<meta property=\"og:title\" content=\"Identify a partner laboratory.\" \/>\n<meta property=\"og:description\" content=\"Identify a partner laboratory.\" \/>\n<meta property=\"og:url\" content=\"https:\/\/www.gyntest.com\/en\/identify-a-partner-laboratory\/\" \/>\n<meta property=\"og:site_name\" content=\"Gyntest\" \/>\n<meta property=\"article:modified_time\" content=\"2026-01-21T11:02:59+00:00\" \/>\n<meta property=\"og:image\" content=\"https:\/\/www.gyntest.com\/wp-content\/uploads\/Logo-Gyntest-Bio-2.jpg\" \/>\n\t<meta property=\"og:image:width\" content=\"757\" \/>\n\t<meta property=\"og:image:height\" content=\"730\" \/>\n\t<meta property=\"og:image:type\" content=\"image\/jpeg\" \/>\n<meta name=\"twitter:card\" content=\"summary_large_image\" \/>\n<script type=\"application\/ld+json\" class=\"yoast-schema-graph\">{\"@context\":\"https:\\\/\\\/schema.org\",\"@graph\":[{\"@type\":\"WebPage\",\"@id\":\"https:\\\/\\\/www.gyntest.com\\\/en\\\/identify-a-partner-laboratory\\\/\",\"url\":\"https:\\\/\\\/www.gyntest.com\\\/en\\\/identify-a-partner-laboratory\\\/\",\"name\":\"Identify a partner laboratory.\",\"isPartOf\":{\"@id\":\"https:\\\/\\\/www.gyntest.com\\\/en\\\/#website\"},\"primaryImageOfPage\":{\"@id\":\"https:\\\/\\\/www.gyntest.com\\\/en\\\/identify-a-partner-laboratory\\\/#primaryimage\"},\"image\":{\"@id\":\"https:\\\/\\\/www.gyntest.com\\\/en\\\/identify-a-partner-laboratory\\\/#primaryimage\"},\"thumbnailUrl\":\"https:\\\/\\\/www.gyntest.com\\\/wp-content\\\/uploads\\\/Logo-Gyntest-Bio-2.jpg\",\"datePublished\":\"2025-06-09T16:06:08+00:00\",\"dateModified\":\"2026-01-21T11:02:59+00:00\",\"description\":\"Identify a partner laboratory.\",\"breadcrumb\":{\"@id\":\"https:\\\/\\\/www.gyntest.com\\\/en\\\/identify-a-partner-laboratory\\\/#breadcrumb\"},\"inLanguage\":\"en-US\",\"potentialAction\":[{\"@type\":\"ReadAction\",\"target\":[\"https:\\\/\\\/www.gyntest.com\\\/en\\\/identify-a-partner-laboratory\\\/\"]}]},{\"@type\":\"ImageObject\",\"inLanguage\":\"en-US\",\"@id\":\"https:\\\/\\\/www.gyntest.com\\\/en\\\/identify-a-partner-laboratory\\\/#primaryimage\",\"url\":\"https:\\\/\\\/www.gyntest.com\\\/wp-content\\\/uploads\\\/Logo-Gyntest-Bio-2.jpg\",\"contentUrl\":\"https:\\\/\\\/www.gyntest.com\\\/wp-content\\\/uploads\\\/Logo-Gyntest-Bio-2.jpg\",\"width\":757,\"height\":730},{\"@type\":\"BreadcrumbList\",\"@id\":\"https:\\\/\\\/www.gyntest.com\\\/en\\\/identify-a-partner-laboratory\\\/#breadcrumb\",\"itemListElement\":[{\"@type\":\"ListItem\",\"position\":1,\"name\":\"Accueil\",\"item\":\"https:\\\/\\\/www.gyntest.com\\\/en\\\/\"},{\"@type\":\"ListItem\",\"position\":2,\"name\":\"Identify a partner laboratory.\"}]},{\"@type\":\"WebSite\",\"@id\":\"https:\\\/\\\/www.gyntest.com\\\/en\\\/#website\",\"url\":\"https:\\\/\\\/www.gyntest.com\\\/en\\\/\",\"name\":\"Gyntest\",\"description\":\"Auto-pr\u00e9l\u00e8vement vaginal : un d\u00e9pistage de votre sant\u00e9 intime en toute simplicit\u00e9\",\"publisher\":{\"@id\":\"https:\\\/\\\/www.gyntest.com\\\/en\\\/#organization\"},\"potentialAction\":[{\"@type\":\"SearchAction\",\"target\":{\"@type\":\"EntryPoint\",\"urlTemplate\":\"https:\\\/\\\/www.gyntest.com\\\/en\\\/?s={search_term_string}\"},\"query-input\":{\"@type\":\"PropertyValueSpecification\",\"valueRequired\":true,\"valueName\":\"search_term_string\"}}],\"inLanguage\":\"en-US\"},{\"@type\":\"Organization\",\"@id\":\"https:\\\/\\\/www.gyntest.com\\\/en\\\/#organization\",\"name\":\"Gyntest\",\"url\":\"https:\\\/\\\/www.gyntest.com\\\/en\\\/\",\"logo\":{\"@type\":\"ImageObject\",\"inLanguage\":\"en-US\",\"@id\":\"https:\\\/\\\/www.gyntest.com\\\/en\\\/#\\\/schema\\\/logo\\\/image\\\/\",\"url\":\"https:\\\/\\\/www.gyntest.com\\\/wp-content\\\/uploads\\\/Logo-Gyntest-Bio-PNG.png\",\"contentUrl\":\"https:\\\/\\\/www.gyntest.com\\\/wp-content\\\/uploads\\\/Logo-Gyntest-Bio-PNG.png\",\"width\":757,\"height\":258,\"caption\":\"Gyntest\"},\"image\":{\"@id\":\"https:\\\/\\\/www.gyntest.com\\\/en\\\/#\\\/schema\\\/logo\\\/image\\\/\"}}]}<\/script>\n<!-- \/ Yoast SEO plugin. -->","yoast_head_json":{"title":"Identify a partner laboratory.","description":"Identify a partner laboratory.","robots":{"index":"index","follow":"follow","max-snippet":"max-snippet:-1","max-image-preview":"max-image-preview:large","max-video-preview":"max-video-preview:-1"},"canonical":"https:\/\/www.gyntest.com\/en\/identify-a-partner-laboratory\/","og_locale":"en_US","og_type":"article","og_title":"Identify a partner laboratory.","og_description":"Identify a partner laboratory.","og_url":"https:\/\/www.gyntest.com\/en\/identify-a-partner-laboratory\/","og_site_name":"Gyntest","article_modified_time":"2026-01-21T11:02:59+00:00","og_image":[{"width":757,"height":730,"url":"https:\/\/www.gyntest.com\/wp-content\/uploads\/Logo-Gyntest-Bio-2.jpg","type":"image\/jpeg"}],"twitter_card":"summary_large_image","schema":{"@context":"https:\/\/schema.org","@graph":[{"@type":"WebPage","@id":"https:\/\/www.gyntest.com\/en\/identify-a-partner-laboratory\/","url":"https:\/\/www.gyntest.com\/en\/identify-a-partner-laboratory\/","name":"Identify a partner laboratory.","isPartOf":{"@id":"https:\/\/www.gyntest.com\/en\/#website"},"primaryImageOfPage":{"@id":"https:\/\/www.gyntest.com\/en\/identify-a-partner-laboratory\/#primaryimage"},"image":{"@id":"https:\/\/www.gyntest.com\/en\/identify-a-partner-laboratory\/#primaryimage"},"thumbnailUrl":"https:\/\/www.gyntest.com\/wp-content\/uploads\/Logo-Gyntest-Bio-2.jpg","datePublished":"2025-06-09T16:06:08+00:00","dateModified":"2026-01-21T11:02:59+00:00","description":"Identify a partner laboratory.","breadcrumb":{"@id":"https:\/\/www.gyntest.com\/en\/identify-a-partner-laboratory\/#breadcrumb"},"inLanguage":"en-US","potentialAction":[{"@type":"ReadAction","target":["https:\/\/www.gyntest.com\/en\/identify-a-partner-laboratory\/"]}]},{"@type":"ImageObject","inLanguage":"en-US","@id":"https:\/\/www.gyntest.com\/en\/identify-a-partner-laboratory\/#primaryimage","url":"https:\/\/www.gyntest.com\/wp-content\/uploads\/Logo-Gyntest-Bio-2.jpg","contentUrl":"https:\/\/www.gyntest.com\/wp-content\/uploads\/Logo-Gyntest-Bio-2.jpg","width":757,"height":730},{"@type":"BreadcrumbList","@id":"https:\/\/www.gyntest.com\/en\/identify-a-partner-laboratory\/#breadcrumb","itemListElement":[{"@type":"ListItem","position":1,"name":"Accueil","item":"https:\/\/www.gyntest.com\/en\/"},{"@type":"ListItem","position":2,"name":"Identify a partner laboratory."}]},{"@type":"WebSite","@id":"https:\/\/www.gyntest.com\/en\/#website","url":"https:\/\/www.gyntest.com\/en\/","name":"Gyntest","description":"Auto-pr\u00e9l\u00e8vement vaginal : un d\u00e9pistage de votre sant\u00e9 intime en toute simplicit\u00e9","publisher":{"@id":"https:\/\/www.gyntest.com\/en\/#organization"},"potentialAction":[{"@type":"SearchAction","target":{"@type":"EntryPoint","urlTemplate":"https:\/\/www.gyntest.com\/en\/?s={search_term_string}"},"query-input":{"@type":"PropertyValueSpecification","valueRequired":true,"valueName":"search_term_string"}}],"inLanguage":"en-US"},{"@type":"Organization","@id":"https:\/\/www.gyntest.com\/en\/#organization","name":"Gyntest","url":"https:\/\/www.gyntest.com\/en\/","logo":{"@type":"ImageObject","inLanguage":"en-US","@id":"https:\/\/www.gyntest.com\/en\/#\/schema\/logo\/image\/","url":"https:\/\/www.gyntest.com\/wp-content\/uploads\/Logo-Gyntest-Bio-PNG.png","contentUrl":"https:\/\/www.gyntest.com\/wp-content\/uploads\/Logo-Gyntest-Bio-PNG.png","width":757,"height":258,"caption":"Gyntest"},"image":{"@id":"https:\/\/www.gyntest.com\/en\/#\/schema\/logo\/image\/"}}]}},"_links":{"self":[{"href":"https:\/\/www.gyntest.com\/en\/wp-json\/wp\/v2\/pages\/2210","targetHints":{"allow":["GET"]}}],"collection":[{"href":"https:\/\/www.gyntest.com\/en\/wp-json\/wp\/v2\/pages"}],"about":[{"href":"https:\/\/www.gyntest.com\/en\/wp-json\/wp\/v2\/types\/page"}],"author":[{"embeddable":true,"href":"https:\/\/www.gyntest.com\/en\/wp-json\/wp\/v2\/users\/1"}],"replies":[{"embeddable":true,"href":"https:\/\/www.gyntest.com\/en\/wp-json\/wp\/v2\/comments?post=2210"}],"version-history":[{"count":1,"href":"https:\/\/www.gyntest.com\/en\/wp-json\/wp\/v2\/pages\/2210\/revisions"}],"predecessor-version":[{"id":2213,"href":"https:\/\/www.gyntest.com\/en\/wp-json\/wp\/v2\/pages\/2210\/revisions\/2213"}],"wp:featuredmedia":[{"embeddable":true,"href":"https:\/\/www.gyntest.com\/en\/wp-json\/wp\/v2\/media\/2211"}],"wp:attachment":[{"href":"https:\/\/www.gyntest.com\/en\/wp-json\/wp\/v2\/media?parent=2210"}],"curies":[{"name":"wp","href":"https:\/\/api.w.org\/{rel}","templated":true}]}}