{"id":2204,"date":"2025-11-03T17:57:25","date_gmt":"2025-11-03T17:57:25","guid":{"rendered":"https:\/\/www.gyntest.com\/unbalanced-vaginal-flora\/"},"modified":"2026-01-21T10:44:34","modified_gmt":"2026-01-21T10:44:34","slug":"unbalanced-vaginal-flora","status":"publish","type":"page","link":"https:\/\/www.gyntest.com\/en\/unbalanced-vaginal-flora\/","title":{"rendered":"Unbalanced vaginal flora"},"content":{"rendered":"\t\t<div data-elementor-type=\"wp-page\" data-elementor-id=\"2204\" class=\"elementor elementor-2204 elementor-2024\" data-elementor-post-type=\"page\">\n\t\t\t\t<div class=\"elementor-element elementor-element-b4728d4 e-flex e-con-boxed e-con e-parent\" data-id=\"b4728d4\" data-element_type=\"container\" data-e-type=\"container\" data-settings=\"{&quot;background_background&quot;:&quot;classic&quot;}\">\n\t\t\t\t\t<div class=\"e-con-inner\">\n\t\t<div class=\"elementor-element elementor-element-a7076d9 e-con-full e-flex e-con e-child\" data-id=\"a7076d9\" data-element_type=\"container\" data-e-type=\"container\">\n\t\t\t\t<div class=\"elementor-element elementor-element-ad0028a elementor-widget elementor-widget-heading\" data-id=\"ad0028a\" data-element_type=\"widget\" data-e-type=\"widget\" data-widget_type=\"heading.default\">\n\t\t\t\t<div class=\"elementor-widget-container\">\n\t\t\t\t\t<h1 class=\"elementor-heading-title elementor-size-default\">Vaginal flora imbalance \u2013 Vaginal swab.<\/h1>\t\t\t\t<\/div>\n\t\t\t\t<\/div>\n\t\t\t\t<\/div>\n\t\t\t\t\t<\/div>\n\t\t\t\t<\/div>\n\t\t<div class=\"elementor-element elementor-element-5523cd4 e-flex e-con-boxed e-con e-parent\" data-id=\"5523cd4\" data-element_type=\"container\" data-e-type=\"container\">\n\t\t\t\t\t<div class=\"e-con-inner\">\n\t\t<div class=\"elementor-element elementor-element-8bb6d5e e-con-full e-flex e-con e-child\" data-id=\"8bb6d5e\" data-element_type=\"container\" data-e-type=\"container\">\n\t\t\t\t<div class=\"elementor-element elementor-element-6c39124 elementor-widget elementor-widget-text-editor\" data-id=\"6c39124\" data-element_type=\"widget\" data-e-type=\"widget\" data-widget_type=\"text-editor.default\">\n\t\t\t\t<div class=\"elementor-widget-container\">\n\t\t\t\t\t\t\t\t\tDespite having regular sexual intercourse for at least twelve months, 8 to 12% of couples of reproductive age experience fertility problems. Hormonal, vascular, or immune disorders do not explain all of these conception failures. A disturbance (dysbiosis) of the vaginal flora is already correlated with multiple gynecological conditions as well as various issues related to pregnancy and difficulties with medically assisted reproduction. The dysbiosis observed in these patients is characterized by a diverse and abundant vaginal microbiota, with an increased presence of bacteria associated with various intimate infections (bacterial vaginosis, vaginitis, cystitis) and, at the same time, a relative decrease in lactobacilli.\u201d\n<br><\/br>According to the data analyzed, the conception rate exceeded 72% when lactobacilli accounted for more than 90% of the vaginal microbiota, whereas it dropped to 34% when they were absent. The composition of the vaginal microbiota, particularly a deficiency in lactobacilli, appears to play a crucial role in repeated conception failures.\t\t\t\t\t\t\t\t<\/div>\n\t\t\t\t<\/div>\n\t\t\t\t<\/div>\n\t\t<div class=\"elementor-element elementor-element-48aef2a e-con-full e-flex e-con e-child\" data-id=\"48aef2a\" data-element_type=\"container\" data-e-type=\"container\">\n\t\t\t\t<div class=\"elementor-element elementor-element-7b8ec11 elementor-widget elementor-widget-image\" data-id=\"7b8ec11\" data-element_type=\"widget\" data-e-type=\"widget\" data-widget_type=\"image.default\">\n\t\t\t\t<div class=\"elementor-widget-container\">\n\t\t\t\t\t\t\t\t\t\t\t\t\t\t\t<img fetchpriority=\"high\" decoding=\"async\" width=\"1000\" height=\"667\" src=\"https:\/\/www.gyntest.com\/wp-content\/uploads\/Flore-V-test-gyneco-Auto-prelevement-vaginal.jpg\" class=\"attachment-large size-large wp-image-2205\" alt=\"D\u00e9pistage Auto-pr\u00e9l\u00e8vement vaginal\" srcset=\"https:\/\/www.gyntest.com\/wp-content\/uploads\/Flore-V-test-gyneco-Auto-prelevement-vaginal.jpg 1000w, https:\/\/www.gyntest.com\/wp-content\/uploads\/Flore-V-test-gyneco-Auto-prelevement-vaginal-300x200.jpg 300w, https:\/\/www.gyntest.com\/wp-content\/uploads\/Flore-V-test-gyneco-Auto-prelevement-vaginal-768x512.jpg 768w\" sizes=\"(max-width: 1000px) 100vw, 1000px\" \/>\t\t\t\t\t\t\t\t\t\t\t\t\t\t\t<\/div>\n\t\t\t\t<\/div>\n\t\t\t\t<div class=\"elementor-element elementor-element-98ff548 elementor-widget-divider--view-line elementor-widget elementor-widget-divider\" data-id=\"98ff548\" data-element_type=\"widget\" data-e-type=\"widget\" data-widget_type=\"divider.default\">\n\t\t\t\t<div class=\"elementor-widget-container\">\n\t\t\t\t\t\t\t<div class=\"elementor-divider\">\n\t\t\t<span class=\"elementor-divider-separator\">\n\t\t\t\t\t\t<\/span>\n\t\t<\/div>\n\t\t\t\t\t\t<\/div>\n\t\t\t\t<\/div>\n\t\t\t\t<\/div>\n\t\t\t\t\t<\/div>\n\t\t\t\t<\/div>\n\t\t<div class=\"elementor-element elementor-element-1a486c81 e-con-full e-flex e-con e-parent\" data-id=\"1a486c81\" data-element_type=\"container\" data-e-type=\"container\" data-settings=\"{&quot;background_background&quot;:&quot;classic&quot;}\">\n\t\t<div class=\"elementor-element elementor-element-18d47702 e-con-full e-flex e-con e-child\" data-id=\"18d47702\" data-element_type=\"container\" data-e-type=\"container\">\n\t\t\t\t<div class=\"elementor-element elementor-element-589a4448 elementor-widget elementor-widget-text-editor\" data-id=\"589a4448\" data-element_type=\"widget\" data-e-type=\"widget\" data-widget_type=\"text-editor.default\">\n\t\t\t\t<div class=\"elementor-widget-container\">\n\t\t\t\t\t\t\t\t\tYour sample is analyzed by a French medical laboratory accredited by COFRAC, with results certified by a medical biologist.\n\t\t\t\t\t\t\t\t<\/div>\n\t\t\t\t<\/div>\n\t\t\t\t<div class=\"elementor-element elementor-element-4d6d5f5e elementor-widget elementor-widget-image\" data-id=\"4d6d5f5e\" data-element_type=\"widget\" data-e-type=\"widget\" data-widget_type=\"image.default\">\n\t\t\t\t<div class=\"elementor-widget-container\">\n\t\t\t\t\t\t\t\t\t\t\t\t\t\t\t<img decoding=\"async\" width=\"616\" height=\"19\" src=\"https:\/\/www.gyntest.com\/wp-content\/uploads\/BG-gyneco-Auto-prelevement-vaginal.jpg\" class=\"attachment-large size-large wp-image-2302\" alt=\"\" srcset=\"https:\/\/www.gyntest.com\/wp-content\/uploads\/BG-gyneco-Auto-prelevement-vaginal.jpg 616w, https:\/\/www.gyntest.com\/wp-content\/uploads\/BG-gyneco-Auto-prelevement-vaginal-300x9.jpg 300w\" sizes=\"(max-width: 616px) 100vw, 616px\" \/>\t\t\t\t\t\t\t\t\t\t\t\t\t\t\t<\/div>\n\t\t\t\t<\/div>\n\t\t\t\t<\/div>\n\t\t<div class=\"elementor-element elementor-element-6c165ad5 e-con-full e-flex e-con e-child\" data-id=\"6c165ad5\" data-element_type=\"container\" data-e-type=\"container\">\n\t\t\t\t<div class=\"elementor-element elementor-element-1238cfac elementor-widget elementor-widget-hotspot\" data-id=\"1238cfac\" data-element_type=\"widget\" data-e-type=\"widget\" data-settings=\"{&quot;hotspot&quot;:[{&quot;_id&quot;:&quot;ca4a6aa&quot;,&quot;hotspot_tooltip_content&quot;:&quot;&lt;p&gt;Click here to learn more.&lt;\\\/p&gt;\\n&quot;,&quot;hotspot_offset_x&quot;:{&quot;unit&quot;:&quot;%&quot;,&quot;size&quot;:78,&quot;sizes&quot;:[]},&quot;hotspot_offset_y&quot;:{&quot;unit&quot;:&quot;%&quot;,&quot;size&quot;:78,&quot;sizes&quot;:[]},&quot;__dynamic__&quot;:{&quot;hotspot_link&quot;:&quot;[elementor-tag id=\\&quot;d0e4256\\&quot; name=\\&quot;popup\\&quot; settings=\\&quot;%7B%22popup%22%3A1782%7D\\&quot;]&quot;},&quot;hotspot_label&quot;:&quot;&quot;,&quot;hotspot_link&quot;:{&quot;url&quot;:&quot;#elementor-action%3Aaction%3Dpopup%3Aopen%26settings%3DeyJpZCI6MTc4MiwidG9nZ2xlIjpmYWxzZX0%3D&quot;,&quot;is_external&quot;:&quot;&quot;,&quot;nofollow&quot;:&quot;&quot;,&quot;custom_attributes&quot;:&quot;&quot;},&quot;hotspot_icon&quot;:{&quot;value&quot;:&quot;&quot;,&quot;library&quot;:&quot;&quot;},&quot;hotspot_icon_position&quot;:null,&quot;hotspot_icon_spacing&quot;:null,&quot;hotspot_custom_size&quot;:&quot;no&quot;,&quot;hotspot_width&quot;:null,&quot;hotspot_height&quot;:null,&quot;hotspot_horizontal&quot;:&quot;left&quot;,&quot;hotspot_vertical&quot;:&quot;top&quot;,&quot;hotspot_tooltip_position&quot;:&quot;no&quot;,&quot;hotspot_position&quot;:null,&quot;hotspot_tooltip_width&quot;:null,&quot;hotspot_tooltip_text_wrap&quot;:null}],&quot;tooltip_trigger&quot;:&quot;mouseenter&quot;,&quot;tooltip_animation&quot;:&quot;e-hotspot--fade-grow&quot;,&quot;hotspot_sequenced_animation&quot;:&quot;no&quot;,&quot;tooltip_position&quot;:&quot;top&quot;}\" data-widget_type=\"hotspot.default\">\n\t\t\t\t<div class=\"elementor-widget-container\">\n\t\t\t\t\t<img decoding=\"async\" width=\"1024\" height=\"530\" src=\"https:\/\/www.gyntest.com\/wp-content\/uploads\/Auto-prelevement-Test-gyntest-1024x530.png\" class=\"attachment-large size-large wp-image-1962\" alt=\"D\u00e9pistage Auto-pr\u00e9l\u00e8vement vaginal\" srcset=\"https:\/\/www.gyntest.com\/wp-content\/uploads\/Auto-prelevement-Test-gyntest-1024x530.png 1024w, https:\/\/www.gyntest.com\/wp-content\/uploads\/Auto-prelevement-Test-gyntest-300x155.png 300w, https:\/\/www.gyntest.com\/wp-content\/uploads\/Auto-prelevement-Test-gyntest-768x398.png 768w, https:\/\/www.gyntest.com\/wp-content\/uploads\/Auto-prelevement-Test-gyntest.png 1500w\" sizes=\"(max-width: 1024px) 100vw, 1024px\" \/>\n\t\t\t\t\t\t<a class=\"e-hotspot elementor-repeater-item-ca4a6aa  e-hotspot--position-left e-hotspot--position-top e-hotspot--link  e-hotspot--circle\" href=\"#elementor-action%3Aaction%3Dpopup%3Aopen%26settings%3DeyJpZCI6MTc4MiwidG9nZ2xlIjpmYWxzZX0%3D\">\n\n\t\t\t\t\t\t\t\t<div class=\"e-hotspot__button e-hotspot--expand\">\n\t\t\t\t\t\t\t\t\t\t\t<div class=\"e-hotspot__outer-circle\"><\/div>\n\t\t\t\t\t\t<div class=\"e-hotspot__inner-circle\"><\/div>\n\t\t\t\t\t\t\t\t\t<\/div>\n\n\t\t\t\t\t\t\t\t\t\t\t\t\t\t\t\t\t\t<div class=\"e-hotspot__tooltip  e-hotspot--tooltip-position e-hotspot--fade-grow \" >\n\t\t\t\t\t\t<p>Click here to learn more.<\/p>\n\t\t\t\t\t<\/div>\n\t\t\t\t\t\t\t\t\t\n\t\t\t<\/a>\n\n\t\n\t\t\t\t\t\t<\/div>\n\t\t\t\t<\/div>\n\t\t<a class=\"eael-wrapper-link-6dea6a0c --eael-wrapper-link-tag\" href=\"#elementor-action%3Aaction%3Dpopup%3Aopen%26settings%3DeyJpZCI6Ijc0OCIsInRvZ2dsZSI6ZmFsc2V9\"><\/a>\t\t<div data-eael-wrapper-link=\"eael-wrapper-link-6dea6a0c\" class=\"elementor-element elementor-element-6dea6a0c elementor-widget elementor-widget-text-editor\" data-id=\"6dea6a0c\" data-element_type=\"widget\" data-e-type=\"widget\" data-widget_type=\"text-editor.default\">\n\t\t\t\t<div class=\"elementor-widget-container\">\n\t\t\t\t\t\t\t\t\tPhoto of self-sampling device (vaginal veil)\t\t\t\t\t\t\t\t<\/div>\n\t\t\t\t<\/div>\n\t\t\t\t<\/div>\n\t\t\t\t<\/div>\n\t\t<div class=\"elementor-element elementor-element-72b0d49c e-con-full e-flex e-con e-parent\" data-id=\"72b0d49c\" data-element_type=\"container\" data-e-type=\"container\" data-settings=\"{&quot;background_background&quot;:&quot;classic&quot;}\">\n\t\t\t\t<\/div>\n\t\t\t\t<\/div>\n\t\t","protected":false},"excerpt":{"rendered":"<p>Vaginal flora imbalance \u2013 Vaginal swab. Despite having regular sexual intercourse for at least twelve months, 8 to 12% of [&hellip;]<\/p>\n","protected":false},"author":1,"featured_media":2205,"parent":0,"menu_order":0,"comment_status":"closed","ping_status":"closed","template":"","meta":{"site-sidebar-layout":"no-sidebar","site-content-layout":"","ast-site-content-layout":"full-width-container","site-content-style":"default","site-sidebar-style":"default","ast-global-header-display":"","ast-banner-title-visibility":"","ast-main-header-display":"","ast-hfb-above-header-display":"","ast-hfb-below-header-display":"","ast-hfb-mobile-header-display":"","site-post-title":"disabled","ast-breadcrumbs-content":"","ast-featured-img":"disabled","footer-sml-layout":"","ast-disable-related-posts":"","theme-transparent-header-meta":"default","adv-header-id-meta":"","stick-header-meta":"default","header-above-stick-meta":"","header-main-stick-meta":"","header-below-stick-meta":"","astra-migrate-meta-layouts":"default","ast-page-background-enabled":"default","ast-page-background-meta":{"desktop":{"background-color":"var(--ast-global-color-4)","background-image":"","background-repeat":"repeat","background-position":"center center","background-size":"auto","background-attachment":"scroll","background-type":"","background-media":"","overlay-type":"","overlay-color":"","overlay-opacity":"","overlay-gradient":""},"tablet":{"background-color":"","background-image":"","background-repeat":"repeat","background-position":"center center","background-size":"auto","background-attachment":"scroll","background-type":"","background-media":"","overlay-type":"","overlay-color":"","overlay-opacity":"","overlay-gradient":""},"mobile":{"background-color":"","background-image":"","background-repeat":"repeat","background-position":"center center","background-size":"auto","background-attachment":"scroll","background-type":"","background-media":"","overlay-type":"","overlay-color":"","overlay-opacity":"","overlay-gradient":""}},"ast-content-background-meta":{"desktop":{"background-color":"var(--ast-global-color-5)","background-image":"","background-repeat":"repeat","background-position":"center center","background-size":"auto","background-attachment":"scroll","background-type":"","background-media":"","overlay-type":"","overlay-color":"","overlay-opacity":"","overlay-gradient":""},"tablet":{"background-color":"var(--ast-global-color-5)","background-image":"","background-repeat":"repeat","background-position":"center center","background-size":"auto","background-attachment":"scroll","background-type":"","background-media":"","overlay-type":"","overlay-color":"","overlay-opacity":"","overlay-gradient":""},"mobile":{"background-color":"var(--ast-global-color-5)","background-image":"","background-repeat":"repeat","background-position":"center center","background-size":"auto","background-attachment":"scroll","background-type":"","background-media":"","overlay-type":"","overlay-color":"","overlay-opacity":"","overlay-gradient":""}},"footnotes":""},"class_list":["post-2204","page","type-page","status-publish","has-post-thumbnail","hentry"],"yoast_head":"<!-- This site is optimized with the Yoast SEO plugin v27.3 - https:\/\/yoast.com\/product\/yoast-seo-wordpress\/ -->\n<title>Vaginal flora imbalance \u2013 Vaginal swab \u2013 Self-sampling.<\/title>\n<meta name=\"description\" content=\"Vaginal flora imbalance: causes, symptoms and solutions \u2013 A vaginal swab can indeed reveal an imbalance\u2026 Vaginal self-sampling.\" \/>\n<meta name=\"robots\" content=\"index, follow, max-snippet:-1, max-image-preview:large, max-video-preview:-1\" \/>\n<link rel=\"canonical\" href=\"https:\/\/www.gyntest.com\/en\/unbalanced-vaginal-flora\/\" \/>\n<meta property=\"og:locale\" content=\"en_US\" \/>\n<meta property=\"og:type\" content=\"article\" \/>\n<meta property=\"og:title\" content=\"Vaginal flora imbalance \u2013 Vaginal swab \u2013 Self-sampling.\" \/>\n<meta property=\"og:description\" content=\"Vaginal flora imbalance: causes, symptoms and solutions \u2013 A vaginal swab can indeed reveal an imbalance\u2026 Vaginal self-sampling.\" \/>\n<meta property=\"og:url\" content=\"https:\/\/www.gyntest.com\/en\/unbalanced-vaginal-flora\/\" \/>\n<meta property=\"og:site_name\" content=\"Gyntest\" \/>\n<meta property=\"article:modified_time\" content=\"2026-01-21T10:44:34+00:00\" \/>\n<meta property=\"og:image\" content=\"https:\/\/www.gyntest.com\/wp-content\/uploads\/Flore-V-test-gyneco-Auto-prelevement-vaginal.jpg\" \/>\n\t<meta property=\"og:image:width\" content=\"1000\" \/>\n\t<meta property=\"og:image:height\" content=\"667\" \/>\n\t<meta property=\"og:image:type\" content=\"image\/jpeg\" \/>\n<meta name=\"twitter:card\" content=\"summary_large_image\" \/>\n<meta name=\"twitter:label1\" content=\"Est. reading time\" \/>\n\t<meta name=\"twitter:data1\" content=\"1 minute\" \/>\n<script type=\"application\/ld+json\" class=\"yoast-schema-graph\">{\"@context\":\"https:\\\/\\\/schema.org\",\"@graph\":[{\"@type\":\"WebPage\",\"@id\":\"https:\\\/\\\/www.gyntest.com\\\/en\\\/unbalanced-vaginal-flora\\\/\",\"url\":\"https:\\\/\\\/www.gyntest.com\\\/en\\\/unbalanced-vaginal-flora\\\/\",\"name\":\"Vaginal flora imbalance \u2013 Vaginal swab \u2013 Self-sampling.\",\"isPartOf\":{\"@id\":\"https:\\\/\\\/www.gyntest.com\\\/en\\\/#website\"},\"primaryImageOfPage\":{\"@id\":\"https:\\\/\\\/www.gyntest.com\\\/en\\\/unbalanced-vaginal-flora\\\/#primaryimage\"},\"image\":{\"@id\":\"https:\\\/\\\/www.gyntest.com\\\/en\\\/unbalanced-vaginal-flora\\\/#primaryimage\"},\"thumbnailUrl\":\"https:\\\/\\\/www.gyntest.com\\\/wp-content\\\/uploads\\\/Flore-V-test-gyneco-Auto-prelevement-vaginal.jpg\",\"datePublished\":\"2025-11-03T17:57:25+00:00\",\"dateModified\":\"2026-01-21T10:44:34+00:00\",\"description\":\"Vaginal flora imbalance: causes, symptoms and solutions \u2013 A vaginal swab can indeed reveal an imbalance\u2026 Vaginal self-sampling.\",\"breadcrumb\":{\"@id\":\"https:\\\/\\\/www.gyntest.com\\\/en\\\/unbalanced-vaginal-flora\\\/#breadcrumb\"},\"inLanguage\":\"en-US\",\"potentialAction\":[{\"@type\":\"ReadAction\",\"target\":[\"https:\\\/\\\/www.gyntest.com\\\/en\\\/unbalanced-vaginal-flora\\\/\"]}]},{\"@type\":\"ImageObject\",\"inLanguage\":\"en-US\",\"@id\":\"https:\\\/\\\/www.gyntest.com\\\/en\\\/unbalanced-vaginal-flora\\\/#primaryimage\",\"url\":\"https:\\\/\\\/www.gyntest.com\\\/wp-content\\\/uploads\\\/Flore-V-test-gyneco-Auto-prelevement-vaginal.jpg\",\"contentUrl\":\"https:\\\/\\\/www.gyntest.com\\\/wp-content\\\/uploads\\\/Flore-V-test-gyneco-Auto-prelevement-vaginal.jpg\",\"width\":1000,\"height\":667,\"caption\":\"D\u00e9pistage Auto-pr\u00e9l\u00e8vement vaginal\"},{\"@type\":\"BreadcrumbList\",\"@id\":\"https:\\\/\\\/www.gyntest.com\\\/en\\\/unbalanced-vaginal-flora\\\/#breadcrumb\",\"itemListElement\":[{\"@type\":\"ListItem\",\"position\":1,\"name\":\"Accueil\",\"item\":\"https:\\\/\\\/www.gyntest.com\\\/en\\\/\"},{\"@type\":\"ListItem\",\"position\":2,\"name\":\"Unbalanced vaginal flora\"}]},{\"@type\":\"WebSite\",\"@id\":\"https:\\\/\\\/www.gyntest.com\\\/en\\\/#website\",\"url\":\"https:\\\/\\\/www.gyntest.com\\\/en\\\/\",\"name\":\"Gyntest\",\"description\":\"Auto-pr\u00e9l\u00e8vement vaginal : un d\u00e9pistage de votre sant\u00e9 intime en toute simplicit\u00e9\",\"publisher\":{\"@id\":\"https:\\\/\\\/www.gyntest.com\\\/en\\\/#organization\"},\"potentialAction\":[{\"@type\":\"SearchAction\",\"target\":{\"@type\":\"EntryPoint\",\"urlTemplate\":\"https:\\\/\\\/www.gyntest.com\\\/en\\\/?s={search_term_string}\"},\"query-input\":{\"@type\":\"PropertyValueSpecification\",\"valueRequired\":true,\"valueName\":\"search_term_string\"}}],\"inLanguage\":\"en-US\"},{\"@type\":\"Organization\",\"@id\":\"https:\\\/\\\/www.gyntest.com\\\/en\\\/#organization\",\"name\":\"Gyntest\",\"url\":\"https:\\\/\\\/www.gyntest.com\\\/en\\\/\",\"logo\":{\"@type\":\"ImageObject\",\"inLanguage\":\"en-US\",\"@id\":\"https:\\\/\\\/www.gyntest.com\\\/en\\\/#\\\/schema\\\/logo\\\/image\\\/\",\"url\":\"https:\\\/\\\/www.gyntest.com\\\/wp-content\\\/uploads\\\/Logo-Gyntest-Bio-PNG.png\",\"contentUrl\":\"https:\\\/\\\/www.gyntest.com\\\/wp-content\\\/uploads\\\/Logo-Gyntest-Bio-PNG.png\",\"width\":757,\"height\":258,\"caption\":\"Gyntest\"},\"image\":{\"@id\":\"https:\\\/\\\/www.gyntest.com\\\/en\\\/#\\\/schema\\\/logo\\\/image\\\/\"}}]}<\/script>\n<!-- \/ Yoast SEO plugin. -->","yoast_head_json":{"title":"Vaginal flora imbalance \u2013 Vaginal swab \u2013 Self-sampling.","description":"Vaginal flora imbalance: causes, symptoms and solutions \u2013 A vaginal swab can indeed reveal an imbalance\u2026 Vaginal self-sampling.","robots":{"index":"index","follow":"follow","max-snippet":"max-snippet:-1","max-image-preview":"max-image-preview:large","max-video-preview":"max-video-preview:-1"},"canonical":"https:\/\/www.gyntest.com\/en\/unbalanced-vaginal-flora\/","og_locale":"en_US","og_type":"article","og_title":"Vaginal flora imbalance \u2013 Vaginal swab \u2013 Self-sampling.","og_description":"Vaginal flora imbalance: causes, symptoms and solutions \u2013 A vaginal swab can indeed reveal an imbalance\u2026 Vaginal self-sampling.","og_url":"https:\/\/www.gyntest.com\/en\/unbalanced-vaginal-flora\/","og_site_name":"Gyntest","article_modified_time":"2026-01-21T10:44:34+00:00","og_image":[{"width":1000,"height":667,"url":"https:\/\/www.gyntest.com\/wp-content\/uploads\/Flore-V-test-gyneco-Auto-prelevement-vaginal.jpg","type":"image\/jpeg"}],"twitter_card":"summary_large_image","twitter_misc":{"Est. reading time":"1 minute"},"schema":{"@context":"https:\/\/schema.org","@graph":[{"@type":"WebPage","@id":"https:\/\/www.gyntest.com\/en\/unbalanced-vaginal-flora\/","url":"https:\/\/www.gyntest.com\/en\/unbalanced-vaginal-flora\/","name":"Vaginal flora imbalance \u2013 Vaginal swab \u2013 Self-sampling.","isPartOf":{"@id":"https:\/\/www.gyntest.com\/en\/#website"},"primaryImageOfPage":{"@id":"https:\/\/www.gyntest.com\/en\/unbalanced-vaginal-flora\/#primaryimage"},"image":{"@id":"https:\/\/www.gyntest.com\/en\/unbalanced-vaginal-flora\/#primaryimage"},"thumbnailUrl":"https:\/\/www.gyntest.com\/wp-content\/uploads\/Flore-V-test-gyneco-Auto-prelevement-vaginal.jpg","datePublished":"2025-11-03T17:57:25+00:00","dateModified":"2026-01-21T10:44:34+00:00","description":"Vaginal flora imbalance: causes, symptoms and solutions \u2013 A vaginal swab can indeed reveal an imbalance\u2026 Vaginal self-sampling.","breadcrumb":{"@id":"https:\/\/www.gyntest.com\/en\/unbalanced-vaginal-flora\/#breadcrumb"},"inLanguage":"en-US","potentialAction":[{"@type":"ReadAction","target":["https:\/\/www.gyntest.com\/en\/unbalanced-vaginal-flora\/"]}]},{"@type":"ImageObject","inLanguage":"en-US","@id":"https:\/\/www.gyntest.com\/en\/unbalanced-vaginal-flora\/#primaryimage","url":"https:\/\/www.gyntest.com\/wp-content\/uploads\/Flore-V-test-gyneco-Auto-prelevement-vaginal.jpg","contentUrl":"https:\/\/www.gyntest.com\/wp-content\/uploads\/Flore-V-test-gyneco-Auto-prelevement-vaginal.jpg","width":1000,"height":667,"caption":"D\u00e9pistage Auto-pr\u00e9l\u00e8vement vaginal"},{"@type":"BreadcrumbList","@id":"https:\/\/www.gyntest.com\/en\/unbalanced-vaginal-flora\/#breadcrumb","itemListElement":[{"@type":"ListItem","position":1,"name":"Accueil","item":"https:\/\/www.gyntest.com\/en\/"},{"@type":"ListItem","position":2,"name":"Unbalanced vaginal flora"}]},{"@type":"WebSite","@id":"https:\/\/www.gyntest.com\/en\/#website","url":"https:\/\/www.gyntest.com\/en\/","name":"Gyntest","description":"Auto-pr\u00e9l\u00e8vement vaginal : un d\u00e9pistage de votre sant\u00e9 intime en toute simplicit\u00e9","publisher":{"@id":"https:\/\/www.gyntest.com\/en\/#organization"},"potentialAction":[{"@type":"SearchAction","target":{"@type":"EntryPoint","urlTemplate":"https:\/\/www.gyntest.com\/en\/?s={search_term_string}"},"query-input":{"@type":"PropertyValueSpecification","valueRequired":true,"valueName":"search_term_string"}}],"inLanguage":"en-US"},{"@type":"Organization","@id":"https:\/\/www.gyntest.com\/en\/#organization","name":"Gyntest","url":"https:\/\/www.gyntest.com\/en\/","logo":{"@type":"ImageObject","inLanguage":"en-US","@id":"https:\/\/www.gyntest.com\/en\/#\/schema\/logo\/image\/","url":"https:\/\/www.gyntest.com\/wp-content\/uploads\/Logo-Gyntest-Bio-PNG.png","contentUrl":"https:\/\/www.gyntest.com\/wp-content\/uploads\/Logo-Gyntest-Bio-PNG.png","width":757,"height":258,"caption":"Gyntest"},"image":{"@id":"https:\/\/www.gyntest.com\/en\/#\/schema\/logo\/image\/"}}]}},"_links":{"self":[{"href":"https:\/\/www.gyntest.com\/en\/wp-json\/wp\/v2\/pages\/2204","targetHints":{"allow":["GET"]}}],"collection":[{"href":"https:\/\/www.gyntest.com\/en\/wp-json\/wp\/v2\/pages"}],"about":[{"href":"https:\/\/www.gyntest.com\/en\/wp-json\/wp\/v2\/types\/page"}],"author":[{"embeddable":true,"href":"https:\/\/www.gyntest.com\/en\/wp-json\/wp\/v2\/users\/1"}],"replies":[{"embeddable":true,"href":"https:\/\/www.gyntest.com\/en\/wp-json\/wp\/v2\/comments?post=2204"}],"version-history":[{"count":1,"href":"https:\/\/www.gyntest.com\/en\/wp-json\/wp\/v2\/pages\/2204\/revisions"}],"predecessor-version":[{"id":2206,"href":"https:\/\/www.gyntest.com\/en\/wp-json\/wp\/v2\/pages\/2204\/revisions\/2206"}],"wp:featuredmedia":[{"embeddable":true,"href":"https:\/\/www.gyntest.com\/en\/wp-json\/wp\/v2\/media\/2205"}],"wp:attachment":[{"href":"https:\/\/www.gyntest.com\/en\/wp-json\/wp\/v2\/media?parent=2204"}],"curies":[{"name":"wp","href":"https:\/\/api.w.org\/{rel}","templated":true}]}}